{"id":113,"date":"2024-08-02T09:03:26","date_gmt":"2024-08-02T09:03:26","guid":{"rendered":"https:\/\/ernetupsikologiaetahezkuntza.rkinformatika.online\/?page_id=113"},"modified":"2024-09-27T11:42:39","modified_gmt":"2024-09-27T11:42:39","slug":"haurrak-6-11","status":"publish","type":"page","link":"https:\/\/ernetupsikologiaetahezkuntza.com\/es\/haurrak-6-11\/","title":{"rendered":"Ni\u00f1os 6-11"},"content":{"rendered":"<div data-elementor-type=\"wp-page\" data-elementor-id=\"113\" class=\"elementor elementor-113\" data-elementor-post-type=\"page\">\n\t\t\t\t<div class=\"elementor-element elementor-element-c939008 e-flex e-con-boxed e-con e-parent\" data-id=\"c939008\" data-element_type=\"container\" data-e-type=\"container\">\n\t\t\t\t\t<div class=\"e-con-inner\">\n\t\t\t\t<div class=\"elementor-element elementor-element-134f6c7 elementor-widget elementor-widget-image\" data-id=\"134f6c7\" data-element_type=\"widget\" data-e-type=\"widget\" data-widget_type=\"image.default\">\n\t\t\t\t<div class=\"elementor-widget-container\">\n\t\t\t\t\t\t\t\t\t\t\t\t\t\t\t<img fetchpriority=\"high\" decoding=\"async\" width=\"228\" height=\"240\" src=\"https:\/\/ernetupsikologiaetahezkuntza.com\/wp-content\/uploads\/2024\/08\/Ninos-felices.webp\" class=\"attachment-large size-large wp-image-111\" alt=\"\" srcset=\"https:\/\/ernetupsikologiaetahezkuntza.com\/wp-content\/uploads\/2024\/08\/Ninos-felices.webp 228w, https:\/\/ernetupsikologiaetahezkuntza.com\/wp-content\/uploads\/2024\/08\/Ninos-felices-11x12.webp 11w\" sizes=\"(max-width: 228px) 100vw, 228px\" \/>\t\t\t\t\t\t\t\t\t\t\t\t\t\t\t<\/div>\n\t\t\t\t<\/div>\n\t\t\t\t\t<\/div>\n\t\t\t\t<\/div>\n\t\t<div class=\"elementor-element elementor-element-8cef103 e-flex e-con-boxed e-con e-parent\" data-id=\"8cef103\" data-element_type=\"container\" data-e-type=\"container\">\n\t\t\t\t\t<div class=\"e-con-inner\">\n\t\t\t\t<div class=\"elementor-element elementor-element-f509697 elementor-widget elementor-widget-heading\" data-id=\"f509697\" data-element_type=\"widget\" data-e-type=\"widget\" data-widget_type=\"heading.default\">\n\t\t\t\t<div class=\"elementor-widget-container\">\n\t\t\t\t\t<h2 class=\"elementor-heading-title elementor-size-default\">Ni\u00f1os (6-11)<\/h2>\t\t\t\t<\/div>\n\t\t\t\t<\/div>\n\t\t\t\t\t<\/div>\n\t\t\t\t<\/div>\n\t\t<div class=\"elementor-element elementor-element-c62c487 e-flex e-con-boxed e-con e-parent\" data-id=\"c62c487\" data-element_type=\"container\" data-e-type=\"container\">\n\t\t\t\t\t<div class=\"e-con-inner\">\n\t\t\t\t<div class=\"elementor-element elementor-element-b4d28f9 elementor-widget__width-initial elementor-widget elementor-widget-text-editor\" data-id=\"b4d28f9\" data-element_type=\"widget\" data-e-type=\"widget\" data-widget_type=\"text-editor.default\">\n\t\t\t\t<div class=\"elementor-widget-container\">\n\t\t\t\t\t\t\t\t\t<div id=\"bgLayers_comp-khq54g4i2\" class=\"MW5IWV\" data-hook=\"bgLayers\" data-motion-part=\"BG_LAYER\"><div id=\"bgMedia_comp-khq54g4i2\" class=\"VgO9Yg\" data-motion-part=\"BG_MEDIA\">\u00a0<\/div><\/div><div class=\"\" data-mesh-id=\"comp-khq54g4i2inlineContent\" data-testid=\"inline-content\"><div data-mesh-id=\"comp-khq54g4i2inlineContent-gridContainer\" data-testid=\"mesh-container-content\"><div id=\"comp-khq58dtj\" class=\"HcOXKn SxM0TO QxJLC3 comp-khq58dtj wixui-rich-text\" data-testid=\"richTextElement\"><p class=\"font_8 wixui-rich-text__text\">La etapa de educaci\u00f3n primaria est\u00e1 formada por ni\u00f1os de 6 a 11 a\u00f1os, en la que se trabajan las habilidades necesarias para adaptarse de manera adecuada a su entorno social y acad\u00e9mico.<\/p><\/div><\/div><\/div>\t\t\t\t\t\t\t\t<\/div>\n\t\t\t\t<\/div>\n\t\t\t\t<div class=\"elementor-element elementor-element-2ac01b2 elementor-widget__width-initial elementor-widget elementor-widget-text-editor\" data-id=\"2ac01b2\" data-element_type=\"widget\" data-e-type=\"widget\" data-widget_type=\"text-editor.default\">\n\t\t\t\t<div class=\"elementor-widget-container\">\n\t\t\t\t\t\t\t\t\t<p class=\"font_8 wixui-rich-text__text\">Tener retrasos en habilidades acad\u00e9micas, emocionales, cognitivas o sociales puede generar dificultades en la adaptaci\u00f3n del ni\u00f1o. Por lo tanto, es de vital importancia que estos retrasos sean bien identificados de antemano y se trabaje en un entrenamiento espec\u00edfico que cada ni\u00f1o y su entorno necesitar\u00e1n. El trabajo realizado en esta etapa se considera esencial para poder afrontar de la mejor manera las etapas siguientes.<\/p>\t\t\t\t\t\t\t\t<\/div>\n\t\t\t\t<\/div>\n\t\t\t\t<div class=\"elementor-element elementor-element-84929e2 elementor-widget__width-initial elementor-widget elementor-widget-text-editor\" data-id=\"84929e2\" data-element_type=\"widget\" data-e-type=\"widget\" data-widget_type=\"text-editor.default\">\n\t\t\t\t<div class=\"elementor-widget-container\">\n\t\t\t\t\t\t\t\t\t<p class=\"font_8 wixui-rich-text__text\"><span class=\"color_15 wixui-rich-text__text\">SERVICIOS DE INTERVENCI\u00d3N:<\/span><\/p>\t\t\t\t\t\t\t\t<\/div>\n\t\t\t\t<\/div>\n\t\t\t\t<div class=\"elementor-element elementor-element-4089b89 elementor-widget__width-initial elementor-widget elementor-widget-text-editor\" data-id=\"4089b89\" data-element_type=\"widget\" data-e-type=\"widget\" data-widget_type=\"text-editor.default\">\n\t\t\t\t<div class=\"elementor-widget-container\">\n\t\t\t\t\t\t\t\t\t<p>Intervenci\u00f3n individual<\/p><p>Intervenci\u00f3n individual + grupal<\/p>\t\t\t\t\t\t\t\t<\/div>\n\t\t\t\t<\/div>\n\t\t\t\t\t<\/div>\n\t\t\t\t<\/div>\n\t\t<div class=\"elementor-element elementor-element-767bd82 e-flex e-con-boxed e-con e-parent\" data-id=\"767bd82\" data-element_type=\"container\" data-e-type=\"container\">\n\t\t\t\t\t<div class=\"e-con-inner\">\n\t\t\t\t<div class=\"elementor-element elementor-element-42072e7 elementor-widget elementor-widget-heading\" data-id=\"42072e7\" data-element_type=\"widget\" data-e-type=\"widget\" data-widget_type=\"heading.default\">\n\t\t\t\t<div class=\"elementor-widget-container\">\n\t\t\t\t\t<h5 class=\"elementor-heading-title elementor-size-default\">PROBLEMAS COMUNES:<\/h5>\t\t\t\t<\/div>\n\t\t\t\t<\/div>\n\t\t\t\t\t<\/div>\n\t\t\t\t<\/div>\n\t\t<div class=\"elementor-element elementor-element-fb9be96 e-grid e-con-boxed e-con e-parent\" data-id=\"fb9be96\" data-element_type=\"container\" data-e-type=\"container\">\n\t\t\t\t\t<div class=\"e-con-inner\">\n\t\t\t\t<div class=\"elementor-element elementor-element-f727824 elementor-widget elementor-widget-text-editor\" data-id=\"f727824\" data-element_type=\"widget\" data-e-type=\"widget\" data-widget_type=\"text-editor.default\">\n\t\t\t\t<div class=\"elementor-widget-container\">\n\t\t\t\t\t\t\t\t\t<p>Expresi\u00f3n oral<\/p>\t\t\t\t\t\t\t\t<\/div>\n\t\t\t\t<\/div>\n\t\t\t\t<div class=\"elementor-element elementor-element-a2be7b5 elementor-widget elementor-widget-text-editor\" data-id=\"a2be7b5\" data-element_type=\"widget\" data-e-type=\"widget\" data-widget_type=\"text-editor.default\">\n\t\t\t\t<div class=\"elementor-widget-container\">\n\t\t\t\t\t\t\t\t\t<p>Razonamiento<\/p>\t\t\t\t\t\t\t\t<\/div>\n\t\t\t\t<\/div>\n\t\t\t\t<div class=\"elementor-element elementor-element-6a278e7 elementor-widget elementor-widget-text-editor\" data-id=\"6a278e7\" data-element_type=\"widget\" data-e-type=\"widget\" data-widget_type=\"text-editor.default\">\n\t\t\t\t<div class=\"elementor-widget-container\">\n\t\t\t\t\t\t\t\t\t<p>Retraso social<\/p>\t\t\t\t\t\t\t\t<\/div>\n\t\t\t\t<\/div>\n\t\t\t\t<div class=\"elementor-element elementor-element-ff4a366 elementor-widget elementor-widget-text-editor\" data-id=\"ff4a366\" data-element_type=\"widget\" data-e-type=\"widget\" data-widget_type=\"text-editor.default\">\n\t\t\t\t<div class=\"elementor-widget-container\">\n\t\t\t\t\t\t\t\t\t<p>Agresividad<\/p>\t\t\t\t\t\t\t\t<\/div>\n\t\t\t\t<\/div>\n\t\t\t\t<div class=\"elementor-element elementor-element-cba3e8b elementor-widget elementor-widget-text-editor\" data-id=\"cba3e8b\" data-element_type=\"widget\" data-e-type=\"widget\" data-widget_type=\"text-editor.default\">\n\t\t\t\t<div class=\"elementor-widget-container\">\n\t\t\t\t\t\t\t\t\t<p>Lectura \/ Escritura<\/p>\t\t\t\t\t\t\t\t<\/div>\n\t\t\t\t<\/div>\n\t\t\t\t<div class=\"elementor-element elementor-element-ec68e1b elementor-widget elementor-widget-text-editor\" data-id=\"ec68e1b\" data-element_type=\"widget\" data-e-type=\"widget\" data-widget_type=\"text-editor.default\">\n\t\t\t\t<div class=\"elementor-widget-container\">\n\t\t\t\t\t\t\t\t\t<p>Falta de atenci\u00f3n \/ Inadecuada<\/p>\t\t\t\t\t\t\t\t<\/div>\n\t\t\t\t<\/div>\n\t\t\t\t<div class=\"elementor-element elementor-element-94558d6 elementor-widget elementor-widget-text-editor\" data-id=\"94558d6\" data-element_type=\"widget\" data-e-type=\"widget\" data-widget_type=\"text-editor.default\">\n\t\t\t\t<div class=\"elementor-widget-container\">\n\t\t\t\t\t\t\t\t\t<p>Celos \/ Envidia<\/p>\t\t\t\t\t\t\t\t<\/div>\n\t\t\t\t<\/div>\n\t\t\t\t<div class=\"elementor-element elementor-element-20c268b elementor-widget elementor-widget-text-editor\" data-id=\"20c268b\" data-element_type=\"widget\" data-e-type=\"widget\" data-widget_type=\"text-editor.default\">\n\t\t\t\t<div class=\"elementor-widget-container\">\n\t\t\t\t\t\t\t\t\t<p>Acoso<\/p>\t\t\t\t\t\t\t\t<\/div>\n\t\t\t\t<\/div>\n\t\t\t\t<div class=\"elementor-element elementor-element-a43bb82 elementor-widget elementor-widget-text-editor\" data-id=\"a43bb82\" data-element_type=\"widget\" data-e-type=\"widget\" data-widget_type=\"text-editor.default\">\n\t\t\t\t<div class=\"elementor-widget-container\">\n\t\t\t\t\t\t\t\t\t<p>Conflicto entre iguales<\/p>\t\t\t\t\t\t\t\t<\/div>\n\t\t\t\t<\/div>\n\t\t\t\t<div class=\"elementor-element elementor-element-3c66ab7 elementor-widget elementor-widget-text-editor\" data-id=\"3c66ab7\" data-element_type=\"widget\" data-e-type=\"widget\" data-widget_type=\"text-editor.default\">\n\t\t\t\t<div class=\"elementor-widget-container\">\n\t\t\t\t\t\t\t\t\t<p>Miedo \/ Fobia<\/p>\t\t\t\t\t\t\t\t<\/div>\n\t\t\t\t<\/div>\n\t\t\t\t<div class=\"elementor-element elementor-element-adbea86 elementor-widget elementor-widget-text-editor\" data-id=\"adbea86\" data-element_type=\"widget\" data-e-type=\"widget\" data-widget_type=\"text-editor.default\">\n\t\t\t\t<div class=\"elementor-widget-container\">\n\t\t\t\t\t\t\t\t\t<p>Autoconcepto inadecuado \/ Baja autoestima<\/p>\t\t\t\t\t\t\t\t<\/div>\n\t\t\t\t<\/div>\n\t\t\t\t<div class=\"elementor-element elementor-element-18e2e71 elementor-widget elementor-widget-text-editor\" data-id=\"18e2e71\" data-element_type=\"widget\" data-e-type=\"widget\" data-widget_type=\"text-editor.default\">\n\t\t\t\t<div class=\"elementor-widget-container\">\n\t\t\t\t\t\t\t\t\t<p>Segurtasun gabezia<\/p>\t\t\t\t\t\t\t\t<\/div>\n\t\t\t\t<\/div>\n\t\t\t\t<div class=\"elementor-element elementor-element-f64f668 elementor-widget elementor-widget-text-editor\" data-id=\"f64f668\" data-element_type=\"widget\" data-e-type=\"widget\" data-widget_type=\"text-editor.default\">\n\t\t\t\t<div class=\"elementor-widget-container\">\n\t\t\t\t\t\t\t\t\t<p>Ansiedad \/ Estr\u00e9s<\/p>\t\t\t\t\t\t\t\t<\/div>\n\t\t\t\t<\/div>\n\t\t\t\t<div class=\"elementor-element elementor-element-d2017a7 elementor-widget elementor-widget-text-editor\" data-id=\"d2017a7\" data-element_type=\"widget\" data-e-type=\"widget\" data-widget_type=\"text-editor.default\">\n\t\t\t\t<div class=\"elementor-widget-container\">\n\t\t\t\t\t\t\t\t\t<p>Desobediencia<\/p>\t\t\t\t\t\t\t\t<\/div>\n\t\t\t\t<\/div>\n\t\t\t\t<div class=\"elementor-element elementor-element-825f254 elementor-widget elementor-widget-text-editor\" data-id=\"825f254\" data-element_type=\"widget\" data-e-type=\"widget\" data-widget_type=\"text-editor.default\">\n\t\t\t\t<div class=\"elementor-widget-container\">\n\t\t\t\t\t\t\t\t\t<p>Negativismo<\/p>\t\t\t\t\t\t\t\t<\/div>\n\t\t\t\t<\/div>\n\t\t\t\t<div class=\"elementor-element elementor-element-5048fa0 elementor-widget elementor-widget-text-editor\" data-id=\"5048fa0\" data-element_type=\"widget\" data-e-type=\"widget\" data-widget_type=\"text-editor.default\">\n\t\t\t\t<div class=\"elementor-widget-container\">\n\t\t\t\t\t\t\t\t\t<p>Altas exigencias<\/p>\t\t\t\t\t\t\t\t<\/div>\n\t\t\t\t<\/div>\n\t\t\t\t<div class=\"elementor-element elementor-element-6e2d5b7 elementor-widget elementor-widget-text-editor\" data-id=\"6e2d5b7\" data-element_type=\"widget\" data-e-type=\"widget\" data-widget_type=\"text-editor.default\">\n\t\t\t\t<div class=\"elementor-widget-container\">\n\t\t\t\t\t\t\t\t\t<p>Gesti\u00f3n emocional<\/p>\t\t\t\t\t\t\t\t<\/div>\n\t\t\t\t<\/div>\n\t\t\t\t<div class=\"elementor-element elementor-element-8857a16 elementor-widget elementor-widget-text-editor\" data-id=\"8857a16\" data-element_type=\"widget\" data-e-type=\"widget\" data-widget_type=\"text-editor.default\">\n\t\t\t\t<div class=\"elementor-widget-container\">\n\t\t\t\t\t\t\t\t\t<p>Enuresis \/ Encopresis<\/p>\t\t\t\t\t\t\t\t<\/div>\n\t\t\t\t<\/div>\n\t\t\t\t<div class=\"elementor-element elementor-element-16600de elementor-widget elementor-widget-text-editor\" data-id=\"16600de\" data-element_type=\"widget\" data-e-type=\"widget\" data-widget_type=\"text-editor.default\">\n\t\t\t\t<div class=\"elementor-widget-container\">\n\t\t\t\t\t\t\t\t\t<p>Irritabilidad<\/p>\t\t\t\t\t\t\t\t<\/div>\n\t\t\t\t<\/div>\n\t\t\t\t<div class=\"elementor-element elementor-element-2539dd7 elementor-widget elementor-widget-text-editor\" data-id=\"2539dd7\" data-element_type=\"widget\" data-e-type=\"widget\" data-widget_type=\"text-editor.default\">\n\t\t\t\t<div class=\"elementor-widget-container\">\n\t\t\t\t\t\t\t\t\t<p>Duelo<\/p>\t\t\t\t\t\t\t\t<\/div>\n\t\t\t\t<\/div>\n\t\t\t\t<div class=\"elementor-element elementor-element-0a22047 elementor-widget elementor-widget-text-editor\" data-id=\"0a22047\" data-element_type=\"widget\" data-e-type=\"widget\" data-widget_type=\"text-editor.default\">\n\t\t\t\t<div class=\"elementor-widget-container\">\n\t\t\t\t\t\t\t\t\t<p>Miedos nocturnos<\/p>\t\t\t\t\t\t\t\t<\/div>\n\t\t\t\t<\/div>\n\t\t\t\t\t<\/div>\n\t\t\t\t<\/div>\n\t\t\t\t<\/div>","protected":false},"excerpt":{"rendered":"<p>Haurrak (6-11) \u00a0 Lehen hezkuntzako etapa 6-11 urte bitarteko umeek osatzen dute, non hauen ingurune sozial zein akademikoan era egokian moldatzeko trebetasunak lantzen dira. Trebetasun akademiko, emozional, kognitibo edo sozialean atzerapena izateak zailtasunak ekarri ditzake umearen egokitzapenerako. Beraz, berebiziko garrantzia du atzerapen hauek aurretiaz ondo identifikatuta izatea eta ume zein honen ingurune bakoitzak beharrezkoa izango [&hellip;]<\/p>\n","protected":false},"author":1,"featured_media":0,"parent":0,"menu_order":0,"comment_status":"closed","ping_status":"closed","template":"elementor_canvas","meta":{"footnotes":""},"class_list":["post-113","page","type-page","status-publish","hentry"],"yoast_head":"<!-- This site is optimized with the Yoast SEO plugin v27.5 - https:\/\/yoast.com\/product\/yoast-seo-wordpress\/ -->\n<title>Haurrak 6-11 - Ernetu Psikologia Eta Hezkuntza<\/title>\n<meta name=\"robots\" content=\"index, follow, max-snippet:-1, max-image-preview:large, max-video-preview:-1\" \/>\n<link rel=\"canonical\" href=\"https:\/\/ernetupsikologiaetahezkuntza.com\/es\/haurrak-6-11\/\" \/>\n<meta property=\"og:locale\" content=\"es_ES\" \/>\n<meta property=\"og:type\" content=\"article\" \/>\n<meta property=\"og:title\" content=\"Haurrak 6-11 - Ernetu Psikologia Eta Hezkuntza\" \/>\n<meta property=\"og:description\" content=\"Haurrak (6-11) \u00a0 Lehen hezkuntzako etapa 6-11 urte bitarteko umeek osatzen dute, non hauen ingurune sozial zein akademikoan era egokian moldatzeko trebetasunak lantzen dira. Trebetasun akademiko, emozional, kognitibo edo sozialean atzerapena izateak zailtasunak ekarri ditzake umearen egokitzapenerako. Beraz, berebiziko garrantzia du atzerapen hauek aurretiaz ondo identifikatuta izatea eta ume zein honen ingurune bakoitzak beharrezkoa izango [&hellip;]\" \/>\n<meta property=\"og:url\" content=\"https:\/\/ernetupsikologiaetahezkuntza.com\/es\/haurrak-6-11\/\" \/>\n<meta property=\"og:site_name\" content=\"Ernetu Psikologia Eta Hezkuntza\" \/>\n<meta property=\"article:modified_time\" content=\"2024-09-27T11:42:39+00:00\" \/>\n<meta property=\"og:image\" content=\"https:\/\/ernetupsikologiaetahezkuntza.com\/wp-content\/uploads\/2024\/08\/Ninos-felices.webp\" \/>\n<meta name=\"twitter:card\" content=\"summary_large_image\" \/>\n<meta name=\"twitter:label1\" content=\"Tiempo de lectura\" \/>\n\t<meta name=\"twitter:data1\" content=\"1 minuto\" \/>\n<script type=\"application\/ld+json\" class=\"yoast-schema-graph\">{\"@context\":\"https:\\\/\\\/schema.org\",\"@graph\":[{\"@type\":\"WebPage\",\"@id\":\"https:\\\/\\\/ernetupsikologiaetahezkuntza.com\\\/haurrak-6-11\\\/\",\"url\":\"https:\\\/\\\/ernetupsikologiaetahezkuntza.com\\\/haurrak-6-11\\\/\",\"name\":\"Haurrak 6-11 - Ernetu Psikologia Eta Hezkuntza\",\"isPartOf\":{\"@id\":\"https:\\\/\\\/ernetupsikologiaetahezkuntza.com\\\/#website\"},\"primaryImageOfPage\":{\"@id\":\"https:\\\/\\\/ernetupsikologiaetahezkuntza.com\\\/haurrak-6-11\\\/#primaryimage\"},\"image\":{\"@id\":\"https:\\\/\\\/ernetupsikologiaetahezkuntza.com\\\/haurrak-6-11\\\/#primaryimage\"},\"thumbnailUrl\":\"https:\\\/\\\/ernetupsikologiaetahezkuntza.com\\\/wp-content\\\/uploads\\\/2024\\\/08\\\/Ninos-felices.webp\",\"datePublished\":\"2024-08-02T09:03:26+00:00\",\"dateModified\":\"2024-09-27T11:42:39+00:00\",\"breadcrumb\":{\"@id\":\"https:\\\/\\\/ernetupsikologiaetahezkuntza.com\\\/haurrak-6-11\\\/#breadcrumb\"},\"inLanguage\":\"es\",\"potentialAction\":[{\"@type\":\"ReadAction\",\"target\":[\"https:\\\/\\\/ernetupsikologiaetahezkuntza.com\\\/haurrak-6-11\\\/\"]}]},{\"@type\":\"ImageObject\",\"inLanguage\":\"es\",\"@id\":\"https:\\\/\\\/ernetupsikologiaetahezkuntza.com\\\/haurrak-6-11\\\/#primaryimage\",\"url\":\"https:\\\/\\\/ernetupsikologiaetahezkuntza.com\\\/wp-content\\\/uploads\\\/2024\\\/08\\\/Ninos-felices.webp\",\"contentUrl\":\"https:\\\/\\\/ernetupsikologiaetahezkuntza.com\\\/wp-content\\\/uploads\\\/2024\\\/08\\\/Ninos-felices.webp\"},{\"@type\":\"BreadcrumbList\",\"@id\":\"https:\\\/\\\/ernetupsikologiaetahezkuntza.com\\\/haurrak-6-11\\\/#breadcrumb\",\"itemListElement\":[{\"@type\":\"ListItem\",\"position\":1,\"name\":\"Portada\",\"item\":\"https:\\\/\\\/ernetupsikologiaetahezkuntza.com\\\/\"},{\"@type\":\"ListItem\",\"position\":2,\"name\":\"Haurrak 6-11\"}]},{\"@type\":\"WebSite\",\"@id\":\"https:\\\/\\\/ernetupsikologiaetahezkuntza.com\\\/#website\",\"url\":\"https:\\\/\\\/ernetupsikologiaetahezkuntza.com\\\/\",\"name\":\"Ernetu Psikologia Eta Hezkuntza\",\"description\":\"\u00abNahiz eta ezer ez aldatu, ni aldatuz, dena aldatzen da\u00bb\",\"publisher\":{\"@id\":\"https:\\\/\\\/ernetupsikologiaetahezkuntza.com\\\/#organization\"},\"potentialAction\":[{\"@type\":\"SearchAction\",\"target\":{\"@type\":\"EntryPoint\",\"urlTemplate\":\"https:\\\/\\\/ernetupsikologiaetahezkuntza.com\\\/?s={search_term_string}\"},\"query-input\":{\"@type\":\"PropertyValueSpecification\",\"valueRequired\":true,\"valueName\":\"search_term_string\"}}],\"inLanguage\":\"es\"},{\"@type\":\"Organization\",\"@id\":\"https:\\\/\\\/ernetupsikologiaetahezkuntza.com\\\/#organization\",\"name\":\"Ernetu Psikologia Eta Hezkuntza\",\"url\":\"https:\\\/\\\/ernetupsikologiaetahezkuntza.com\\\/\",\"logo\":{\"@type\":\"ImageObject\",\"inLanguage\":\"es\",\"@id\":\"https:\\\/\\\/ernetupsikologiaetahezkuntza.com\\\/#\\\/schema\\\/logo\\\/image\\\/\",\"url\":\"https:\\\/\\\/ernetupsikologiaetahezkuntza.com\\\/wp-content\\\/uploads\\\/2024\\\/08\\\/cropped-Captura-desde-2024-08-01-16-50-39-1-1.png\",\"contentUrl\":\"https:\\\/\\\/ernetupsikologiaetahezkuntza.com\\\/wp-content\\\/uploads\\\/2024\\\/08\\\/cropped-Captura-desde-2024-08-01-16-50-39-1-1.png\",\"width\":376,\"height\":212,\"caption\":\"Ernetu Psikologia Eta Hezkuntza\"},\"image\":{\"@id\":\"https:\\\/\\\/ernetupsikologiaetahezkuntza.com\\\/#\\\/schema\\\/logo\\\/image\\\/\"}}]}<\/script>\n<!-- \/ Yoast SEO plugin. -->","yoast_head_json":{"title":"Haurrak 6-11 - Ernetu Psikologia Eta Hezkuntza","robots":{"index":"index","follow":"follow","max-snippet":"max-snippet:-1","max-image-preview":"max-image-preview:large","max-video-preview":"max-video-preview:-1"},"canonical":"https:\/\/ernetupsikologiaetahezkuntza.com\/es\/haurrak-6-11\/","og_locale":"es_ES","og_type":"article","og_title":"Haurrak 6-11 - Ernetu Psikologia Eta Hezkuntza","og_description":"Haurrak (6-11) \u00a0 Lehen hezkuntzako etapa 6-11 urte bitarteko umeek osatzen dute, non hauen ingurune sozial zein akademikoan era egokian moldatzeko trebetasunak lantzen dira. Trebetasun akademiko, emozional, kognitibo edo sozialean atzerapena izateak zailtasunak ekarri ditzake umearen egokitzapenerako. Beraz, berebiziko garrantzia du atzerapen hauek aurretiaz ondo identifikatuta izatea eta ume zein honen ingurune bakoitzak beharrezkoa izango [&hellip;]","og_url":"https:\/\/ernetupsikologiaetahezkuntza.com\/es\/haurrak-6-11\/","og_site_name":"Ernetu Psikologia Eta Hezkuntza","article_modified_time":"2024-09-27T11:42:39+00:00","og_image":[{"url":"https:\/\/ernetupsikologiaetahezkuntza.com\/wp-content\/uploads\/2024\/08\/Ninos-felices.webp","type":"","width":"","height":""}],"twitter_card":"summary_large_image","twitter_misc":{"Tiempo de lectura":"1 minuto"},"schema":{"@context":"https:\/\/schema.org","@graph":[{"@type":"WebPage","@id":"https:\/\/ernetupsikologiaetahezkuntza.com\/haurrak-6-11\/","url":"https:\/\/ernetupsikologiaetahezkuntza.com\/haurrak-6-11\/","name":"Haurrak 6-11 - Ernetu Psikologia Eta Hezkuntza","isPartOf":{"@id":"https:\/\/ernetupsikologiaetahezkuntza.com\/#website"},"primaryImageOfPage":{"@id":"https:\/\/ernetupsikologiaetahezkuntza.com\/haurrak-6-11\/#primaryimage"},"image":{"@id":"https:\/\/ernetupsikologiaetahezkuntza.com\/haurrak-6-11\/#primaryimage"},"thumbnailUrl":"https:\/\/ernetupsikologiaetahezkuntza.com\/wp-content\/uploads\/2024\/08\/Ninos-felices.webp","datePublished":"2024-08-02T09:03:26+00:00","dateModified":"2024-09-27T11:42:39+00:00","breadcrumb":{"@id":"https:\/\/ernetupsikologiaetahezkuntza.com\/haurrak-6-11\/#breadcrumb"},"inLanguage":"es","potentialAction":[{"@type":"ReadAction","target":["https:\/\/ernetupsikologiaetahezkuntza.com\/haurrak-6-11\/"]}]},{"@type":"ImageObject","inLanguage":"es","@id":"https:\/\/ernetupsikologiaetahezkuntza.com\/haurrak-6-11\/#primaryimage","url":"https:\/\/ernetupsikologiaetahezkuntza.com\/wp-content\/uploads\/2024\/08\/Ninos-felices.webp","contentUrl":"https:\/\/ernetupsikologiaetahezkuntza.com\/wp-content\/uploads\/2024\/08\/Ninos-felices.webp"},{"@type":"BreadcrumbList","@id":"https:\/\/ernetupsikologiaetahezkuntza.com\/haurrak-6-11\/#breadcrumb","itemListElement":[{"@type":"ListItem","position":1,"name":"Portada","item":"https:\/\/ernetupsikologiaetahezkuntza.com\/"},{"@type":"ListItem","position":2,"name":"Haurrak 6-11"}]},{"@type":"WebSite","@id":"https:\/\/ernetupsikologiaetahezkuntza.com\/#website","url":"https:\/\/ernetupsikologiaetahezkuntza.com\/","name":"Ernetu Psikologia Eta Hezkuntza","description":"\u00abNahiz eta ezer ez aldatu, ni aldatuz, dena aldatzen da\u00bb","publisher":{"@id":"https:\/\/ernetupsikologiaetahezkuntza.com\/#organization"},"potentialAction":[{"@type":"SearchAction","target":{"@type":"EntryPoint","urlTemplate":"https:\/\/ernetupsikologiaetahezkuntza.com\/?s={search_term_string}"},"query-input":{"@type":"PropertyValueSpecification","valueRequired":true,"valueName":"search_term_string"}}],"inLanguage":"es"},{"@type":"Organization","@id":"https:\/\/ernetupsikologiaetahezkuntza.com\/#organization","name":"Ernetu Psikologia Eta Hezkuntza","url":"https:\/\/ernetupsikologiaetahezkuntza.com\/","logo":{"@type":"ImageObject","inLanguage":"es","@id":"https:\/\/ernetupsikologiaetahezkuntza.com\/#\/schema\/logo\/image\/","url":"https:\/\/ernetupsikologiaetahezkuntza.com\/wp-content\/uploads\/2024\/08\/cropped-Captura-desde-2024-08-01-16-50-39-1-1.png","contentUrl":"https:\/\/ernetupsikologiaetahezkuntza.com\/wp-content\/uploads\/2024\/08\/cropped-Captura-desde-2024-08-01-16-50-39-1-1.png","width":376,"height":212,"caption":"Ernetu Psikologia Eta Hezkuntza"},"image":{"@id":"https:\/\/ernetupsikologiaetahezkuntza.com\/#\/schema\/logo\/image\/"}}]}},"_links":{"self":[{"href":"https:\/\/ernetupsikologiaetahezkuntza.com\/es\/wp-json\/wp\/v2\/pages\/113","targetHints":{"allow":["GET"]}}],"collection":[{"href":"https:\/\/ernetupsikologiaetahezkuntza.com\/es\/wp-json\/wp\/v2\/pages"}],"about":[{"href":"https:\/\/ernetupsikologiaetahezkuntza.com\/es\/wp-json\/wp\/v2\/types\/page"}],"author":[{"embeddable":true,"href":"https:\/\/ernetupsikologiaetahezkuntza.com\/es\/wp-json\/wp\/v2\/users\/1"}],"replies":[{"embeddable":true,"href":"https:\/\/ernetupsikologiaetahezkuntza.com\/es\/wp-json\/wp\/v2\/comments?post=113"}],"version-history":[{"count":52,"href":"https:\/\/ernetupsikologiaetahezkuntza.com\/es\/wp-json\/wp\/v2\/pages\/113\/revisions"}],"predecessor-version":[{"id":692,"href":"https:\/\/ernetupsikologiaetahezkuntza.com\/es\/wp-json\/wp\/v2\/pages\/113\/revisions\/692"}],"wp:attachment":[{"href":"https:\/\/ernetupsikologiaetahezkuntza.com\/es\/wp-json\/wp\/v2\/media?parent=113"}],"curies":[{"name":"wp","href":"https:\/\/api.w.org\/{rel}","templated":true}]}}