{"id":120,"date":"2024-08-02T09:16:31","date_gmt":"2024-08-02T09:16:31","guid":{"rendered":"https:\/\/ernetupsikologiaetahezkuntza.rkinformatika.online\/?page_id=120"},"modified":"2024-09-27T11:42:33","modified_gmt":"2024-09-27T11:42:33","slug":"gazteak-18-24","status":"publish","type":"page","link":"https:\/\/ernetupsikologiaetahezkuntza.com\/es\/gazteak-18-24\/","title":{"rendered":"J\u00f3venes 18-24"},"content":{"rendered":"<div data-elementor-type=\"wp-page\" data-elementor-id=\"120\" class=\"elementor elementor-120\" data-elementor-post-type=\"page\">\n\t\t\t\t<div class=\"elementor-element elementor-element-f3beeda e-flex e-con-boxed e-con e-parent\" data-id=\"f3beeda\" data-element_type=\"container\" data-e-type=\"container\">\n\t\t\t\t\t<div class=\"e-con-inner\">\n\t\t\t\t<div class=\"elementor-element elementor-element-8f2945c elementor-widget elementor-widget-image\" data-id=\"8f2945c\" data-element_type=\"widget\" data-e-type=\"widget\" data-widget_type=\"image.default\">\n\t\t\t\t<div class=\"elementor-widget-container\">\n\t\t\t\t\t\t\t\t\t\t\t\t\t\t\t<img fetchpriority=\"high\" decoding=\"async\" width=\"228\" height=\"240\" src=\"https:\/\/ernetupsikologiaetahezkuntza.com\/wp-content\/uploads\/2024\/08\/Pares-que-rien.webp\" class=\"attachment-large size-large wp-image-137\" alt=\"\" srcset=\"https:\/\/ernetupsikologiaetahezkuntza.com\/wp-content\/uploads\/2024\/08\/Pares-que-rien.webp 228w, https:\/\/ernetupsikologiaetahezkuntza.com\/wp-content\/uploads\/2024\/08\/Pares-que-rien-11x12.webp 11w\" sizes=\"(max-width: 228px) 100vw, 228px\" \/>\t\t\t\t\t\t\t\t\t\t\t\t\t\t\t<\/div>\n\t\t\t\t<\/div>\n\t\t\t\t\t<\/div>\n\t\t\t\t<\/div>\n\t\t<div class=\"elementor-element elementor-element-affb7f8 e-flex e-con-boxed e-con e-parent\" data-id=\"affb7f8\" data-element_type=\"container\" data-e-type=\"container\">\n\t\t\t\t\t<div class=\"e-con-inner\">\n\t\t\t\t<div class=\"elementor-element elementor-element-da21760 elementor-widget elementor-widget-heading\" data-id=\"da21760\" data-element_type=\"widget\" data-e-type=\"widget\" data-widget_type=\"heading.default\">\n\t\t\t\t<div class=\"elementor-widget-container\">\n\t\t\t\t\t<h2 class=\"elementor-heading-title elementor-size-default\">J\u00f3venes (18- 24)<\/h2>\t\t\t\t<\/div>\n\t\t\t\t<\/div>\n\t\t\t\t\t<\/div>\n\t\t\t\t<\/div>\n\t\t<div class=\"elementor-element elementor-element-30ddadc e-flex e-con-boxed e-con e-parent\" data-id=\"30ddadc\" data-element_type=\"container\" data-e-type=\"container\">\n\t\t\t\t\t<div class=\"e-con-inner\">\n\t\t\t\t<div class=\"elementor-element elementor-element-69d634b elementor-widget__width-initial elementor-widget elementor-widget-text-editor\" data-id=\"69d634b\" data-element_type=\"widget\" data-e-type=\"widget\" data-widget_type=\"text-editor.default\">\n\t\t\t\t<div class=\"elementor-widget-container\">\n\t\t\t\t\t\t\t\t\t<div id=\"bgLayers_comp-khq4ulxz1\" class=\"MW5IWV\" data-hook=\"bgLayers\" data-motion-part=\"BG_LAYER\"><div id=\"bgMedia_comp-khq4ulxz1\" class=\"VgO9Yg\" data-motion-part=\"BG_MEDIA\">Tras afrontar los cambios que trae la adolescencia, los j\u00f3venes se encuentran con nuevos desaf\u00edos en su vida diaria. Para ello, se vuelve necesario contar con la independencia personal y la suficiente seguridad para tomar decisiones personales. Adem\u00e1s, los j\u00f3venes deben asumir la responsabilidad de sus decisiones, tomando como referencia lo aprendido hasta ahora y llevando todo esto a la pr\u00e1ctica.<\/div><\/div>\t\t\t\t\t\t\t\t<\/div>\n\t\t\t\t<\/div>\n\t\t\t\t<div class=\"elementor-element elementor-element-c18dfcc elementor-widget__width-initial elementor-widget elementor-widget-text-editor\" data-id=\"c18dfcc\" data-element_type=\"widget\" data-e-type=\"widget\" data-widget_type=\"text-editor.default\">\n\t\t\t\t<div class=\"elementor-widget-container\">\n\t\t\t\t\t\t\t\t\t<p class=\"font_8 wixui-rich-text__text\">Dado que estos nuevos desaf\u00edos que enfrentan los j\u00f3venes en la actualidad implican cada vez m\u00e1s exigencias, es com\u00fan que surjan diversos conflictos en su trayectoria personal.<br \/>\u200b<\/p>\t\t\t\t\t\t\t\t<\/div>\n\t\t\t\t<\/div>\n\t\t\t\t<div class=\"elementor-element elementor-element-f9b12e4 elementor-widget__width-initial elementor-widget elementor-widget-text-editor\" data-id=\"f9b12e4\" data-element_type=\"widget\" data-e-type=\"widget\" data-widget_type=\"text-editor.default\">\n\t\t\t\t<div class=\"elementor-widget-container\">\n\t\t\t\t\t\t\t\t\t<p class=\"font_8 wixui-rich-text__text\">En Ernetu, se trabajar\u00e1 en las herramientas necesarias para abordar adecuadamente estos conflictos, evaluando previamente las necesidades de cada persona y adapt\u00e1ndose bien a cada caso.<\/p>\t\t\t\t\t\t\t\t<\/div>\n\t\t\t\t<\/div>\n\t\t\t\t<div class=\"elementor-element elementor-element-5b1036e elementor-widget__width-initial elementor-widget elementor-widget-text-editor\" data-id=\"5b1036e\" data-element_type=\"widget\" data-e-type=\"widget\" data-widget_type=\"text-editor.default\">\n\t\t\t\t<div class=\"elementor-widget-container\">\n\t\t\t\t\t\t\t\t\t<p>SERVICIOS DE INTERVENCI\u00d3N:<\/p>\t\t\t\t\t\t\t\t<\/div>\n\t\t\t\t<\/div>\n\t\t\t\t<div class=\"elementor-element elementor-element-e0b1e48 elementor-widget__width-initial elementor-widget elementor-widget-text-editor\" data-id=\"e0b1e48\" data-element_type=\"widget\" data-e-type=\"widget\" data-widget_type=\"text-editor.default\">\n\t\t\t\t<div class=\"elementor-widget-container\">\n\t\t\t\t\t\t\t\t\t<p class=\"font_8 wixui-rich-text__text\"><span class=\"color_15 wixui-rich-text__text\">Intervenci\u00f3n individual<\/span><\/p><p class=\"font_8 wixui-rich-text__text\"><span class=\"color_15 wixui-rich-text__text\">Intervenci\u00f3n a trav\u00e9s de Internet<\/span><\/p>\t\t\t\t\t\t\t\t<\/div>\n\t\t\t\t<\/div>\n\t\t\t\t\t<\/div>\n\t\t\t\t<\/div>\n\t\t<div class=\"elementor-element elementor-element-eb0bb11 e-flex e-con-boxed e-con e-parent\" data-id=\"eb0bb11\" data-element_type=\"container\" data-e-type=\"container\">\n\t\t\t\t\t<div class=\"e-con-inner\">\n\t\t\t\t<div class=\"elementor-element elementor-element-8c354c1 elementor-widget elementor-widget-heading\" data-id=\"8c354c1\" data-element_type=\"widget\" data-e-type=\"widget\" data-widget_type=\"heading.default\">\n\t\t\t\t<div class=\"elementor-widget-container\">\n\t\t\t\t\t<h5 class=\"elementor-heading-title elementor-size-default\">PROBLEMAS COMUNES:<\/h5>\t\t\t\t<\/div>\n\t\t\t\t<\/div>\n\t\t\t\t\t<\/div>\n\t\t\t\t<\/div>\n\t\t<div class=\"elementor-element elementor-element-cb41976 e-grid e-con-boxed e-con e-parent\" data-id=\"cb41976\" data-element_type=\"container\" data-e-type=\"container\">\n\t\t\t\t\t<div class=\"e-con-inner\">\n\t\t\t\t<div class=\"elementor-element elementor-element-38f3e79 elementor-widget elementor-widget-text-editor\" data-id=\"38f3e79\" data-element_type=\"widget\" data-e-type=\"widget\" data-widget_type=\"text-editor.default\">\n\t\t\t\t<div class=\"elementor-widget-container\">\n\t\t\t\t\t\t\t\t\t<p>Expresi\u00f3n oral<\/p>\t\t\t\t\t\t\t\t<\/div>\n\t\t\t\t<\/div>\n\t\t\t\t<div class=\"elementor-element elementor-element-48fe4f7 elementor-widget elementor-widget-text-editor\" data-id=\"48fe4f7\" data-element_type=\"widget\" data-e-type=\"widget\" data-widget_type=\"text-editor.default\">\n\t\t\t\t<div class=\"elementor-widget-container\">\n\t\t\t\t\t\t\t\t\t<p>Razonamiento<\/p>\t\t\t\t\t\t\t\t<\/div>\n\t\t\t\t<\/div>\n\t\t\t\t<div class=\"elementor-element elementor-element-6ebcc83 elementor-widget elementor-widget-text-editor\" data-id=\"6ebcc83\" data-element_type=\"widget\" data-e-type=\"widget\" data-widget_type=\"text-editor.default\">\n\t\t\t\t<div class=\"elementor-widget-container\">\n\t\t\t\t\t\t\t\t\t<p>Retraso social<\/p>\t\t\t\t\t\t\t\t<\/div>\n\t\t\t\t<\/div>\n\t\t\t\t<div class=\"elementor-element elementor-element-f0028fa elementor-widget elementor-widget-text-editor\" data-id=\"f0028fa\" data-element_type=\"widget\" data-e-type=\"widget\" data-widget_type=\"text-editor.default\">\n\t\t\t\t<div class=\"elementor-widget-container\">\n\t\t\t\t\t\t\t\t\t<p>Agresividad<\/p>\t\t\t\t\t\t\t\t<\/div>\n\t\t\t\t<\/div>\n\t\t\t\t<div class=\"elementor-element elementor-element-c8fe26a elementor-widget elementor-widget-text-editor\" data-id=\"c8fe26a\" data-element_type=\"widget\" data-e-type=\"widget\" data-widget_type=\"text-editor.default\">\n\t\t\t\t<div class=\"elementor-widget-container\">\n\t\t\t\t\t\t\t\t\t<p>Lectura \/ Escritura<\/p>\t\t\t\t\t\t\t\t<\/div>\n\t\t\t\t<\/div>\n\t\t\t\t<div class=\"elementor-element elementor-element-b952170 elementor-widget elementor-widget-text-editor\" data-id=\"b952170\" data-element_type=\"widget\" data-e-type=\"widget\" data-widget_type=\"text-editor.default\">\n\t\t\t\t<div class=\"elementor-widget-container\">\n\t\t\t\t\t\t\t\t\t<p>Falta de atenci\u00f3n \/ Inadecuada<\/p>\t\t\t\t\t\t\t\t<\/div>\n\t\t\t\t<\/div>\n\t\t\t\t<div class=\"elementor-element elementor-element-5356924 elementor-widget elementor-widget-text-editor\" data-id=\"5356924\" data-element_type=\"widget\" data-e-type=\"widget\" data-widget_type=\"text-editor.default\">\n\t\t\t\t<div class=\"elementor-widget-container\">\n\t\t\t\t\t\t\t\t\t<p>Celos \/ Envidia<\/p>\t\t\t\t\t\t\t\t<\/div>\n\t\t\t\t<\/div>\n\t\t\t\t<div class=\"elementor-element elementor-element-48468f4 elementor-widget elementor-widget-text-editor\" data-id=\"48468f4\" data-element_type=\"widget\" data-e-type=\"widget\" data-widget_type=\"text-editor.default\">\n\t\t\t\t<div class=\"elementor-widget-container\">\n\t\t\t\t\t\t\t\t\t<p>Acoso<\/p>\t\t\t\t\t\t\t\t<\/div>\n\t\t\t\t<\/div>\n\t\t\t\t<div class=\"elementor-element elementor-element-cc9403a elementor-widget elementor-widget-text-editor\" data-id=\"cc9403a\" data-element_type=\"widget\" data-e-type=\"widget\" data-widget_type=\"text-editor.default\">\n\t\t\t\t<div class=\"elementor-widget-container\">\n\t\t\t\t\t\t\t\t\t<p>Conflicto entre iguales<\/p>\t\t\t\t\t\t\t\t<\/div>\n\t\t\t\t<\/div>\n\t\t\t\t<div class=\"elementor-element elementor-element-cf658e9 elementor-widget elementor-widget-text-editor\" data-id=\"cf658e9\" data-element_type=\"widget\" data-e-type=\"widget\" data-widget_type=\"text-editor.default\">\n\t\t\t\t<div class=\"elementor-widget-container\">\n\t\t\t\t\t\t\t\t\t<p>Miedo \/ Fobia<\/p>\t\t\t\t\t\t\t\t<\/div>\n\t\t\t\t<\/div>\n\t\t\t\t<div class=\"elementor-element elementor-element-756c12e elementor-widget elementor-widget-text-editor\" data-id=\"756c12e\" data-element_type=\"widget\" data-e-type=\"widget\" data-widget_type=\"text-editor.default\">\n\t\t\t\t<div class=\"elementor-widget-container\">\n\t\t\t\t\t\t\t\t\t<p>Autoconcepto inadecuado \/ Baja autoestima<\/p>\t\t\t\t\t\t\t\t<\/div>\n\t\t\t\t<\/div>\n\t\t\t\t<div class=\"elementor-element elementor-element-449d05f elementor-widget elementor-widget-text-editor\" data-id=\"449d05f\" data-element_type=\"widget\" data-e-type=\"widget\" data-widget_type=\"text-editor.default\">\n\t\t\t\t<div class=\"elementor-widget-container\">\n\t\t\t\t\t\t\t\t\t<p>Segurtasun gabezia<\/p>\t\t\t\t\t\t\t\t<\/div>\n\t\t\t\t<\/div>\n\t\t\t\t<div class=\"elementor-element elementor-element-e4f90ba elementor-widget elementor-widget-text-editor\" data-id=\"e4f90ba\" data-element_type=\"widget\" data-e-type=\"widget\" data-widget_type=\"text-editor.default\">\n\t\t\t\t<div class=\"elementor-widget-container\">\n\t\t\t\t\t\t\t\t\t<p>Ansiedad \/ Estr\u00e9s<\/p>\t\t\t\t\t\t\t\t<\/div>\n\t\t\t\t<\/div>\n\t\t\t\t<div class=\"elementor-element elementor-element-d77e68e elementor-widget elementor-widget-text-editor\" data-id=\"d77e68e\" data-element_type=\"widget\" data-e-type=\"widget\" data-widget_type=\"text-editor.default\">\n\t\t\t\t<div class=\"elementor-widget-container\">\n\t\t\t\t\t\t\t\t\t<p>Desobediencia<\/p>\t\t\t\t\t\t\t\t<\/div>\n\t\t\t\t<\/div>\n\t\t\t\t<div class=\"elementor-element elementor-element-dc4ce9d elementor-widget elementor-widget-text-editor\" data-id=\"dc4ce9d\" data-element_type=\"widget\" data-e-type=\"widget\" data-widget_type=\"text-editor.default\">\n\t\t\t\t<div class=\"elementor-widget-container\">\n\t\t\t\t\t\t\t\t\t<p>Negativismo<\/p>\t\t\t\t\t\t\t\t<\/div>\n\t\t\t\t<\/div>\n\t\t\t\t<div class=\"elementor-element elementor-element-c8939b8 elementor-widget elementor-widget-text-editor\" data-id=\"c8939b8\" data-element_type=\"widget\" data-e-type=\"widget\" data-widget_type=\"text-editor.default\">\n\t\t\t\t<div class=\"elementor-widget-container\">\n\t\t\t\t\t\t\t\t\t<p>Altas exigencias<\/p>\t\t\t\t\t\t\t\t<\/div>\n\t\t\t\t<\/div>\n\t\t\t\t<div class=\"elementor-element elementor-element-3d02c65 elementor-widget elementor-widget-text-editor\" data-id=\"3d02c65\" data-element_type=\"widget\" data-e-type=\"widget\" data-widget_type=\"text-editor.default\">\n\t\t\t\t<div class=\"elementor-widget-container\">\n\t\t\t\t\t\t\t\t\t<p>Gesti\u00f3n emocional<\/p>\t\t\t\t\t\t\t\t<\/div>\n\t\t\t\t<\/div>\n\t\t\t\t<div class=\"elementor-element elementor-element-db539a5 elementor-widget elementor-widget-text-editor\" data-id=\"db539a5\" data-element_type=\"widget\" data-e-type=\"widget\" data-widget_type=\"text-editor.default\">\n\t\t\t\t<div class=\"elementor-widget-container\">\n\t\t\t\t\t\t\t\t\t<p>Enuresis \/ Encopresis<\/p>\t\t\t\t\t\t\t\t<\/div>\n\t\t\t\t<\/div>\n\t\t\t\t<div class=\"elementor-element elementor-element-48361b5 elementor-widget elementor-widget-text-editor\" data-id=\"48361b5\" data-element_type=\"widget\" data-e-type=\"widget\" data-widget_type=\"text-editor.default\">\n\t\t\t\t<div class=\"elementor-widget-container\">\n\t\t\t\t\t\t\t\t\t<p>Irritabilidad<\/p>\t\t\t\t\t\t\t\t<\/div>\n\t\t\t\t<\/div>\n\t\t\t\t<div class=\"elementor-element elementor-element-c32eeaa elementor-widget elementor-widget-text-editor\" data-id=\"c32eeaa\" data-element_type=\"widget\" data-e-type=\"widget\" data-widget_type=\"text-editor.default\">\n\t\t\t\t<div class=\"elementor-widget-container\">\n\t\t\t\t\t\t\t\t\t<p>Duelo<\/p>\t\t\t\t\t\t\t\t<\/div>\n\t\t\t\t<\/div>\n\t\t\t\t<div class=\"elementor-element elementor-element-3e802f6 elementor-widget elementor-widget-text-editor\" data-id=\"3e802f6\" data-element_type=\"widget\" data-e-type=\"widget\" data-widget_type=\"text-editor.default\">\n\t\t\t\t<div class=\"elementor-widget-container\">\n\t\t\t\t\t\t\t\t\t<p>Miedos nocturnos<\/p>\t\t\t\t\t\t\t\t<\/div>\n\t\t\t\t<\/div>\n\t\t\t\t\t<\/div>\n\t\t\t\t<\/div>\n\t\t\t\t<\/div>","protected":false},"excerpt":{"rendered":"<p>Gazteak (18-24) Nerabezaroak dakartzan aldaketei aurre egin eta gero, gazteek erronka berriak aurkitzen dituzte beraien egunerokotasunean eta horretarako, beharrezkoa bilakatzen da norberaren independentzia eta erabaki pertsonalak hartzeko segurtasun nahikoa izatea. Gainera, gazteek haien erabakien gaineko erantzukizuna hartu beharko lukete, orain arte ikasitakoa erreferentziatzat hartuz eta guzti hori praktikara eramanez. Gazteek oraingo adinetan dituzten erronka berri [&hellip;]<\/p>\n","protected":false},"author":1,"featured_media":0,"parent":0,"menu_order":0,"comment_status":"closed","ping_status":"closed","template":"elementor_canvas","meta":{"footnotes":""},"class_list":["post-120","page","type-page","status-publish","hentry"],"yoast_head":"<!-- This site is optimized with the Yoast SEO plugin v27.5 - https:\/\/yoast.com\/product\/yoast-seo-wordpress\/ -->\n<title>Gazteak 18-24 - Ernetu Psikologia Eta Hezkuntza<\/title>\n<meta name=\"robots\" content=\"index, follow, max-snippet:-1, max-image-preview:large, max-video-preview:-1\" \/>\n<link rel=\"canonical\" href=\"https:\/\/ernetupsikologiaetahezkuntza.com\/es\/gazteak-18-24\/\" \/>\n<meta property=\"og:locale\" content=\"es_ES\" \/>\n<meta property=\"og:type\" content=\"article\" \/>\n<meta property=\"og:title\" content=\"Gazteak 18-24 - Ernetu Psikologia Eta Hezkuntza\" \/>\n<meta property=\"og:description\" content=\"Gazteak (18-24) Nerabezaroak dakartzan aldaketei aurre egin eta gero, gazteek erronka berriak aurkitzen dituzte beraien egunerokotasunean eta horretarako, beharrezkoa bilakatzen da norberaren independentzia eta erabaki pertsonalak hartzeko segurtasun nahikoa izatea. Gainera, gazteek haien erabakien gaineko erantzukizuna hartu beharko lukete, orain arte ikasitakoa erreferentziatzat hartuz eta guzti hori praktikara eramanez. Gazteek oraingo adinetan dituzten erronka berri [&hellip;]\" \/>\n<meta property=\"og:url\" content=\"https:\/\/ernetupsikologiaetahezkuntza.com\/es\/gazteak-18-24\/\" \/>\n<meta property=\"og:site_name\" content=\"Ernetu Psikologia Eta Hezkuntza\" \/>\n<meta property=\"article:modified_time\" content=\"2024-09-27T11:42:33+00:00\" \/>\n<meta property=\"og:image\" content=\"https:\/\/ernetupsikologiaetahezkuntza.com\/wp-content\/uploads\/2024\/08\/Pares-que-rien.webp\" \/>\n<meta name=\"twitter:card\" content=\"summary_large_image\" \/>\n<meta name=\"twitter:label1\" content=\"Tiempo de lectura\" \/>\n\t<meta name=\"twitter:data1\" content=\"1 minuto\" \/>\n<script type=\"application\/ld+json\" class=\"yoast-schema-graph\">{\"@context\":\"https:\\\/\\\/schema.org\",\"@graph\":[{\"@type\":\"WebPage\",\"@id\":\"https:\\\/\\\/ernetupsikologiaetahezkuntza.com\\\/gazteak-18-24\\\/\",\"url\":\"https:\\\/\\\/ernetupsikologiaetahezkuntza.com\\\/gazteak-18-24\\\/\",\"name\":\"Gazteak 18-24 - Ernetu Psikologia Eta Hezkuntza\",\"isPartOf\":{\"@id\":\"https:\\\/\\\/ernetupsikologiaetahezkuntza.com\\\/#website\"},\"primaryImageOfPage\":{\"@id\":\"https:\\\/\\\/ernetupsikologiaetahezkuntza.com\\\/gazteak-18-24\\\/#primaryimage\"},\"image\":{\"@id\":\"https:\\\/\\\/ernetupsikologiaetahezkuntza.com\\\/gazteak-18-24\\\/#primaryimage\"},\"thumbnailUrl\":\"https:\\\/\\\/ernetupsikologiaetahezkuntza.com\\\/wp-content\\\/uploads\\\/2024\\\/08\\\/Pares-que-rien.webp\",\"datePublished\":\"2024-08-02T09:16:31+00:00\",\"dateModified\":\"2024-09-27T11:42:33+00:00\",\"breadcrumb\":{\"@id\":\"https:\\\/\\\/ernetupsikologiaetahezkuntza.com\\\/gazteak-18-24\\\/#breadcrumb\"},\"inLanguage\":\"es\",\"potentialAction\":[{\"@type\":\"ReadAction\",\"target\":[\"https:\\\/\\\/ernetupsikologiaetahezkuntza.com\\\/gazteak-18-24\\\/\"]}]},{\"@type\":\"ImageObject\",\"inLanguage\":\"es\",\"@id\":\"https:\\\/\\\/ernetupsikologiaetahezkuntza.com\\\/gazteak-18-24\\\/#primaryimage\",\"url\":\"https:\\\/\\\/ernetupsikologiaetahezkuntza.com\\\/wp-content\\\/uploads\\\/2024\\\/08\\\/Pares-que-rien.webp\",\"contentUrl\":\"https:\\\/\\\/ernetupsikologiaetahezkuntza.com\\\/wp-content\\\/uploads\\\/2024\\\/08\\\/Pares-que-rien.webp\"},{\"@type\":\"BreadcrumbList\",\"@id\":\"https:\\\/\\\/ernetupsikologiaetahezkuntza.com\\\/gazteak-18-24\\\/#breadcrumb\",\"itemListElement\":[{\"@type\":\"ListItem\",\"position\":1,\"name\":\"Portada\",\"item\":\"https:\\\/\\\/ernetupsikologiaetahezkuntza.com\\\/\"},{\"@type\":\"ListItem\",\"position\":2,\"name\":\"Gazteak 18-24\"}]},{\"@type\":\"WebSite\",\"@id\":\"https:\\\/\\\/ernetupsikologiaetahezkuntza.com\\\/#website\",\"url\":\"https:\\\/\\\/ernetupsikologiaetahezkuntza.com\\\/\",\"name\":\"Ernetu Psikologia Eta Hezkuntza\",\"description\":\"\u00abNahiz eta ezer ez aldatu, ni aldatuz, dena aldatzen da\u00bb\",\"publisher\":{\"@id\":\"https:\\\/\\\/ernetupsikologiaetahezkuntza.com\\\/#organization\"},\"potentialAction\":[{\"@type\":\"SearchAction\",\"target\":{\"@type\":\"EntryPoint\",\"urlTemplate\":\"https:\\\/\\\/ernetupsikologiaetahezkuntza.com\\\/?s={search_term_string}\"},\"query-input\":{\"@type\":\"PropertyValueSpecification\",\"valueRequired\":true,\"valueName\":\"search_term_string\"}}],\"inLanguage\":\"es\"},{\"@type\":\"Organization\",\"@id\":\"https:\\\/\\\/ernetupsikologiaetahezkuntza.com\\\/#organization\",\"name\":\"Ernetu Psikologia Eta Hezkuntza\",\"url\":\"https:\\\/\\\/ernetupsikologiaetahezkuntza.com\\\/\",\"logo\":{\"@type\":\"ImageObject\",\"inLanguage\":\"es\",\"@id\":\"https:\\\/\\\/ernetupsikologiaetahezkuntza.com\\\/#\\\/schema\\\/logo\\\/image\\\/\",\"url\":\"https:\\\/\\\/ernetupsikologiaetahezkuntza.com\\\/wp-content\\\/uploads\\\/2024\\\/08\\\/cropped-Captura-desde-2024-08-01-16-50-39-1-1.png\",\"contentUrl\":\"https:\\\/\\\/ernetupsikologiaetahezkuntza.com\\\/wp-content\\\/uploads\\\/2024\\\/08\\\/cropped-Captura-desde-2024-08-01-16-50-39-1-1.png\",\"width\":376,\"height\":212,\"caption\":\"Ernetu Psikologia Eta Hezkuntza\"},\"image\":{\"@id\":\"https:\\\/\\\/ernetupsikologiaetahezkuntza.com\\\/#\\\/schema\\\/logo\\\/image\\\/\"}}]}<\/script>\n<!-- \/ Yoast SEO plugin. -->","yoast_head_json":{"title":"Gazteak 18-24 - Ernetu Psikologia Eta Hezkuntza","robots":{"index":"index","follow":"follow","max-snippet":"max-snippet:-1","max-image-preview":"max-image-preview:large","max-video-preview":"max-video-preview:-1"},"canonical":"https:\/\/ernetupsikologiaetahezkuntza.com\/es\/gazteak-18-24\/","og_locale":"es_ES","og_type":"article","og_title":"Gazteak 18-24 - Ernetu Psikologia Eta Hezkuntza","og_description":"Gazteak (18-24) Nerabezaroak dakartzan aldaketei aurre egin eta gero, gazteek erronka berriak aurkitzen dituzte beraien egunerokotasunean eta horretarako, beharrezkoa bilakatzen da norberaren independentzia eta erabaki pertsonalak hartzeko segurtasun nahikoa izatea. Gainera, gazteek haien erabakien gaineko erantzukizuna hartu beharko lukete, orain arte ikasitakoa erreferentziatzat hartuz eta guzti hori praktikara eramanez. Gazteek oraingo adinetan dituzten erronka berri [&hellip;]","og_url":"https:\/\/ernetupsikologiaetahezkuntza.com\/es\/gazteak-18-24\/","og_site_name":"Ernetu Psikologia Eta Hezkuntza","article_modified_time":"2024-09-27T11:42:33+00:00","og_image":[{"url":"https:\/\/ernetupsikologiaetahezkuntza.com\/wp-content\/uploads\/2024\/08\/Pares-que-rien.webp","type":"","width":"","height":""}],"twitter_card":"summary_large_image","twitter_misc":{"Tiempo de lectura":"1 minuto"},"schema":{"@context":"https:\/\/schema.org","@graph":[{"@type":"WebPage","@id":"https:\/\/ernetupsikologiaetahezkuntza.com\/gazteak-18-24\/","url":"https:\/\/ernetupsikologiaetahezkuntza.com\/gazteak-18-24\/","name":"Gazteak 18-24 - Ernetu Psikologia Eta Hezkuntza","isPartOf":{"@id":"https:\/\/ernetupsikologiaetahezkuntza.com\/#website"},"primaryImageOfPage":{"@id":"https:\/\/ernetupsikologiaetahezkuntza.com\/gazteak-18-24\/#primaryimage"},"image":{"@id":"https:\/\/ernetupsikologiaetahezkuntza.com\/gazteak-18-24\/#primaryimage"},"thumbnailUrl":"https:\/\/ernetupsikologiaetahezkuntza.com\/wp-content\/uploads\/2024\/08\/Pares-que-rien.webp","datePublished":"2024-08-02T09:16:31+00:00","dateModified":"2024-09-27T11:42:33+00:00","breadcrumb":{"@id":"https:\/\/ernetupsikologiaetahezkuntza.com\/gazteak-18-24\/#breadcrumb"},"inLanguage":"es","potentialAction":[{"@type":"ReadAction","target":["https:\/\/ernetupsikologiaetahezkuntza.com\/gazteak-18-24\/"]}]},{"@type":"ImageObject","inLanguage":"es","@id":"https:\/\/ernetupsikologiaetahezkuntza.com\/gazteak-18-24\/#primaryimage","url":"https:\/\/ernetupsikologiaetahezkuntza.com\/wp-content\/uploads\/2024\/08\/Pares-que-rien.webp","contentUrl":"https:\/\/ernetupsikologiaetahezkuntza.com\/wp-content\/uploads\/2024\/08\/Pares-que-rien.webp"},{"@type":"BreadcrumbList","@id":"https:\/\/ernetupsikologiaetahezkuntza.com\/gazteak-18-24\/#breadcrumb","itemListElement":[{"@type":"ListItem","position":1,"name":"Portada","item":"https:\/\/ernetupsikologiaetahezkuntza.com\/"},{"@type":"ListItem","position":2,"name":"Gazteak 18-24"}]},{"@type":"WebSite","@id":"https:\/\/ernetupsikologiaetahezkuntza.com\/#website","url":"https:\/\/ernetupsikologiaetahezkuntza.com\/","name":"Ernetu Psikologia Eta Hezkuntza","description":"\u00abNahiz eta ezer ez aldatu, ni aldatuz, dena aldatzen da\u00bb","publisher":{"@id":"https:\/\/ernetupsikologiaetahezkuntza.com\/#organization"},"potentialAction":[{"@type":"SearchAction","target":{"@type":"EntryPoint","urlTemplate":"https:\/\/ernetupsikologiaetahezkuntza.com\/?s={search_term_string}"},"query-input":{"@type":"PropertyValueSpecification","valueRequired":true,"valueName":"search_term_string"}}],"inLanguage":"es"},{"@type":"Organization","@id":"https:\/\/ernetupsikologiaetahezkuntza.com\/#organization","name":"Ernetu Psikologia Eta Hezkuntza","url":"https:\/\/ernetupsikologiaetahezkuntza.com\/","logo":{"@type":"ImageObject","inLanguage":"es","@id":"https:\/\/ernetupsikologiaetahezkuntza.com\/#\/schema\/logo\/image\/","url":"https:\/\/ernetupsikologiaetahezkuntza.com\/wp-content\/uploads\/2024\/08\/cropped-Captura-desde-2024-08-01-16-50-39-1-1.png","contentUrl":"https:\/\/ernetupsikologiaetahezkuntza.com\/wp-content\/uploads\/2024\/08\/cropped-Captura-desde-2024-08-01-16-50-39-1-1.png","width":376,"height":212,"caption":"Ernetu Psikologia Eta Hezkuntza"},"image":{"@id":"https:\/\/ernetupsikologiaetahezkuntza.com\/#\/schema\/logo\/image\/"}}]}},"_links":{"self":[{"href":"https:\/\/ernetupsikologiaetahezkuntza.com\/es\/wp-json\/wp\/v2\/pages\/120","targetHints":{"allow":["GET"]}}],"collection":[{"href":"https:\/\/ernetupsikologiaetahezkuntza.com\/es\/wp-json\/wp\/v2\/pages"}],"about":[{"href":"https:\/\/ernetupsikologiaetahezkuntza.com\/es\/wp-json\/wp\/v2\/types\/page"}],"author":[{"embeddable":true,"href":"https:\/\/ernetupsikologiaetahezkuntza.com\/es\/wp-json\/wp\/v2\/users\/1"}],"replies":[{"embeddable":true,"href":"https:\/\/ernetupsikologiaetahezkuntza.com\/es\/wp-json\/wp\/v2\/comments?post=120"}],"version-history":[{"count":16,"href":"https:\/\/ernetupsikologiaetahezkuntza.com\/es\/wp-json\/wp\/v2\/pages\/120\/revisions"}],"predecessor-version":[{"id":689,"href":"https:\/\/ernetupsikologiaetahezkuntza.com\/es\/wp-json\/wp\/v2\/pages\/120\/revisions\/689"}],"wp:attachment":[{"href":"https:\/\/ernetupsikologiaetahezkuntza.com\/es\/wp-json\/wp\/v2\/media?parent=120"}],"curies":[{"name":"wp","href":"https:\/\/api.w.org\/{rel}","templated":true}]}}